{"id":31,"date":"2024-11-13T13:32:03","date_gmt":"2024-11-13T13:32:03","guid":{"rendered":"https:\/\/www.marellecommunications.com\/?page_id=31"},"modified":"2025-05-28T17:21:38","modified_gmt":"2025-05-28T21:21:38","slug":"services","status":"publish","type":"page","link":"https:\/\/www.marellecommunications.com\/en\/services\/","title":{"rendered":"Services"},"content":{"rendered":"<div data-elementor-type=\"wp-page\" data-elementor-id=\"31\" class=\"elementor elementor-31\" data-elementor-post-type=\"page\">\n\t\t\t\t<div class=\"elementor-element elementor-element-b4e72b4 e-flex e-con-boxed e-con e-parent\" data-id=\"b4e72b4\" data-element_type=\"container\" data-e-type=\"container\" data-settings=\"{&quot;background_background&quot;:&quot;classic&quot;}\">\n\t\t\t\t\t<div class=\"e-con-inner\">\n\t\t\t\t<div class=\"elementor-element elementor-element-cd68bfa elementor-widget__width-inherit elementor-absolute bg-pattern elementor-widget elementor-widget-html\" data-id=\"cd68bfa\" data-element_type=\"widget\" data-e-type=\"widget\" data-settings=\"{&quot;_position&quot;:&quot;absolute&quot;}\" data-widget_type=\"html.default\">\n\t\t\t\t\t<div class=\"floating-circles\">\n  <!-- Small -->\n  <div class=\"circle outline floatY delay1\"><\/div>\n  <div class=\"circle solid floatX delay2\"><\/div>\n  <div class=\"circle outline floatDiag delay3\"><\/div>\n\n  <!-- Medium -->\n  <div class=\"circle solid floatScale delay4\"><\/div>\n  <div class=\"circle outline floatY delay5\"><\/div>\n  <div class=\"circle solid floatX delay6\"><\/div>\n\n  <!-- Large -->\n  <div class=\"circle outline floatDiag delay7\"><\/div>\n  <div class=\"circle solid floatScale delay8\"><\/div>\n\n  <!-- Very Large -->\n  <div class=\"circle outline floatY delay9\"><\/div>\n  <div class=\"circle solid floatX delay10\"><\/div>\n\n  <!-- More scattered for fullness -->\n  <div class=\"circle solid floatDiag delay11\"><\/div>\n  <div class=\"circle outline floatScale delay12\"><\/div>\n  <div class=\"circle outline floatY delay13\"><\/div>\n  <div class=\"circle solid floatX delay14\"><\/div>\n  <div class=\"circle outline floatDiag delay15\"><\/div>\n  <div class=\"circle solid floatScale delay16\"><\/div>\n  <div class=\"circle solid floatY delay17\"><\/div>\n  <div class=\"circle outline floatX delay18\"><\/div>\n  <div class=\"circle solid floatDiag delay19\"><\/div>\n  <div class=\"circle outline floatScale delay20\"><\/div>\n  <div class=\"circle solid floatY delay21\"><\/div>\n  <div class=\"circle outline floatX delay22\"><\/div>\n  <div class=\"circle solid floatDiag delay23\"><\/div>\n  <div class=\"circle outline floatScale delay24\"><\/div>\n<\/div>\n\t\t\t\t<\/div>\n\t\t<div class=\"elementor-element elementor-element-20ec282 e-con-full e-flex e-con e-child\" data-id=\"20ec282\" data-element_type=\"container\" data-e-type=\"container\">\n\t\t\t\t<div class=\"elementor-element elementor-element-b759c04 elementor-widget elementor-widget-heading\" data-id=\"b759c04\" data-element_type=\"widget\" data-e-type=\"widget\" data-widget_type=\"heading.default\">\n\t\t\t\t\t<h2 class=\"elementor-heading-title elementor-size-default\">Tailor-made solutions<\/h2>\t\t\t\t<\/div>\n\t\t\t\t<div class=\"elementor-element elementor-element-abf5032 elementor-widget elementor-widget-heading\" data-id=\"abf5032\" data-element_type=\"widget\" data-e-type=\"widget\" data-widget_type=\"heading.default\">\n\t\t\t\t\t<h1 class=\"elementor-heading-title elementor-size-default\">Our services<\/h1>\t\t\t\t<\/div>\n\t\t\t\t<div class=\"elementor-element elementor-element-d13f86e elementor-widget__width-initial elementor-widget elementor-widget-text-editor\" data-id=\"d13f86e\" data-element_type=\"widget\" data-e-type=\"widget\" data-widget_type=\"text-editor.default\">\n\t\t\t\t\t\t\t\t\t<p>Marelle Communications provides tailored solutions to effectively amplify your message and connect with your target audience.<\/p><p>Whether you need media relations, influencer marketing, social media campaigns, promotional events, crisis management, or spokesperson support, we'll help you tell your story with impact.<\/p>\t\t\t\t\t\t\t\t<\/div>\n\t\t<div class=\"elementor-element elementor-element-05e1c22 e-con-full e-flex e-con e-child\" data-id=\"05e1c22\" data-element_type=\"container\" data-e-type=\"container\">\n\t\t<div class=\"elementor-element elementor-element-9947a71 e-grid e-con-full e-con e-child\" data-id=\"9947a71\" data-element_type=\"container\" data-e-type=\"container\">\n\t\t<div class=\"elementor-element elementor-element-9c02340 e-con-full e-flex elementor-invisible e-con e-child\" data-id=\"9c02340\" data-element_type=\"container\" data-e-type=\"container\" data-settings=\"{&quot;background_background&quot;:&quot;gradient&quot;,&quot;animation&quot;:&quot;fadeIn&quot;}\">\n\t\t\t\t<div class=\"elementor-element elementor-element-550d2ea elementor-widget elementor-widget-image\" data-id=\"550d2ea\" data-element_type=\"widget\" data-e-type=\"widget\" data-widget_type=\"image.default\">\n\t\t\t\t\t\t\t\t\t\t\t\t\t\t\t<img decoding=\"async\" width=\"75\" height=\"71\" src=\"https:\/\/www.marellecommunications.com\/wp-content\/uploads\/2025\/02\/pr-icon.svg\" class=\"attachment-large size-large wp-image-1015\" alt=\"\" \/>\t\t\t\t\t\t\t\t\t\t\t\t\t\t\t<\/div>\n\t\t\t\t<div class=\"elementor-element elementor-element-64d3f75 elementor-widget elementor-widget-heading\" data-id=\"64d3f75\" data-element_type=\"widget\" data-e-type=\"widget\" data-widget_type=\"heading.default\">\n\t\t\t\t\t<h2 class=\"elementor-heading-title elementor-size-default\">Public Relations<\/h2>\t\t\t\t<\/div>\n\t\t\t\t<div class=\"elementor-element elementor-element-459f8ae elementor-widget elementor-widget-text-editor\" data-id=\"459f8ae\" data-element_type=\"widget\" data-e-type=\"widget\" data-widget_type=\"text-editor.default\">\n\t\t\t\t\t\t\t\t\t<p>At Marelle Communications, we specialize in managing your public image and strengthening your brand's reputation. Our tailor-made public relations strategies ensure that your message reaches the right audience, building trust and credibility.<\/p><p>From copywriting to media relations to reputation development, we offer expert solutions to ensure that every interaction is managed with the utmost precision and care.<\/p>\t\t\t\t\t\t\t\t<\/div>\n\t\t\t\t<\/div>\n\t\t<div class=\"elementor-element elementor-element-c61cdfc e-con-full e-flex elementor-invisible e-con e-child\" data-id=\"c61cdfc\" data-element_type=\"container\" data-e-type=\"container\" data-settings=\"{&quot;background_background&quot;:&quot;gradient&quot;,&quot;animation&quot;:&quot;fadeIn&quot;}\">\n\t\t\t\t<div class=\"elementor-element elementor-element-4631038 elementor-widget elementor-widget-image\" data-id=\"4631038\" data-element_type=\"widget\" data-e-type=\"widget\" data-widget_type=\"image.default\">\n\t\t\t\t\t\t\t\t\t\t\t\t\t\t\t<img decoding=\"async\" width=\"74\" height=\"74\" src=\"https:\/\/www.marellecommunications.com\/wp-content\/uploads\/2025\/02\/socialmedia-icon.svg\" class=\"attachment-large size-large wp-image-1016\" alt=\"\" \/>\t\t\t\t\t\t\t\t\t\t\t\t\t\t\t<\/div>\n\t\t\t\t<div class=\"elementor-element elementor-element-02fd890 elementor-widget elementor-widget-heading\" data-id=\"02fd890\" data-element_type=\"widget\" data-e-type=\"widget\" data-widget_type=\"heading.default\">\n\t\t\t\t\t<h2 class=\"elementor-heading-title elementor-size-default\">Social Media<\/h2>\t\t\t\t<\/div>\n\t\t\t\t<div class=\"elementor-element elementor-element-a855a1d elementor-widget elementor-widget-text-editor\" data-id=\"a855a1d\" data-element_type=\"widget\" data-e-type=\"widget\" data-widget_type=\"text-editor.default\">\n\t\t\t\t\t\t\t\t\t<p>In the digital age, your brand's presence on social networks is more important than ever. Our services go beyond simply publishing content: we create engaging campaigns that foster connections and spark conversations. From content creation to the animation of your social networks, we help you establish an authentic and interactive relationship with your audience on all platforms.<\/p>\t\t\t\t\t\t\t\t<\/div>\n\t\t\t\t<\/div>\n\t\t<div class=\"elementor-element elementor-element-0a4abd4 e-con-full e-flex elementor-invisible e-con e-child\" data-id=\"0a4abd4\" data-element_type=\"container\" data-e-type=\"container\" data-settings=\"{&quot;background_background&quot;:&quot;gradient&quot;,&quot;animation&quot;:&quot;fadeIn&quot;}\">\n\t\t\t\t<div class=\"elementor-element elementor-element-edacb69 elementor-widget elementor-widget-image\" data-id=\"edacb69\" data-element_type=\"widget\" data-e-type=\"widget\" data-widget_type=\"image.default\">\n\t\t\t\t\t\t\t\t\t\t\t\t\t\t\t<img decoding=\"async\" width=\"85\" height=\"85\" src=\"https:\/\/www.marellecommunications.com\/wp-content\/uploads\/2025\/02\/events-icon.svg\" class=\"attachment-large size-large wp-image-1014\" alt=\"\" \/>\t\t\t\t\t\t\t\t\t\t\t\t\t\t\t<\/div>\n\t\t\t\t<div class=\"elementor-element elementor-element-af2c909 elementor-widget elementor-widget-heading\" data-id=\"af2c909\" data-element_type=\"widget\" data-e-type=\"widget\" data-widget_type=\"heading.default\">\n\t\t\t\t\t<h2 class=\"elementor-heading-title elementor-size-default\">Events<\/h2>\t\t\t\t<\/div>\n\t\t\t\t<div class=\"elementor-element elementor-element-98b05fb elementor-widget elementor-widget-text-editor\" data-id=\"98b05fb\" data-element_type=\"widget\" data-e-type=\"widget\" data-widget_type=\"text-editor.default\">\n\t\t\t\t\t\t\t\t\t<p>Events are key and effective vehicles for giving your brand a high profile. We plan and execute memorable experiences that leave a lasting impression. Whether it's a corporate event, product launch, or press conference, we take care of every detail to ensure flawless execution and meaningful engagement.<\/p>\t\t\t\t\t\t\t\t<\/div>\n\t\t\t\t<\/div>\n\t\t<div class=\"elementor-element elementor-element-377c1c0 e-con-full e-flex elementor-invisible e-con e-child\" data-id=\"377c1c0\" data-element_type=\"container\" data-e-type=\"container\" data-settings=\"{&quot;background_background&quot;:&quot;gradient&quot;,&quot;animation&quot;:&quot;fadeIn&quot;}\">\n\t\t\t\t<div class=\"elementor-element elementor-element-80ff505 elementor-widget elementor-widget-image\" data-id=\"80ff505\" data-element_type=\"widget\" data-e-type=\"widget\" data-widget_type=\"image.default\">\n\t\t\t\t\t\t\t\t\t\t\t\t\t\t\t<img loading=\"lazy\" decoding=\"async\" width=\"72\" height=\"72\" src=\"https:\/\/www.marellecommunications.com\/wp-content\/uploads\/2025\/02\/spokep-icon.svg\" class=\"attachment-large size-large wp-image-1017\" alt=\"\" \/>\t\t\t\t\t\t\t\t\t\t\t\t\t\t\t<\/div>\n\t\t\t\t<div class=\"elementor-element elementor-element-c93e9ef elementor-widget elementor-widget-heading\" data-id=\"c93e9ef\" data-element_type=\"widget\" data-e-type=\"widget\" data-widget_type=\"heading.default\">\n\t\t\t\t\t<h2 class=\"elementor-heading-title elementor-size-default\">Influencer Marketing<\/h2>\t\t\t\t<\/div>\n\t\t\t\t<div class=\"elementor-element elementor-element-0b98288 elementor-widget elementor-widget-text-editor\" data-id=\"0b98288\" data-element_type=\"widget\" data-e-type=\"widget\" data-widget_type=\"text-editor.default\">\n\t\t\t\t\t\t\t\t\t<p class=\"translation-block\">Our media training service prepares spokespersons and representatives of organizations to communicate with confidence and impact during interviews, press conferences, or public speaking engagements. We offer customized sessions to develop your key messages, improve your verbal and nonverbal language, and effectively manage sensitive questions. Through an approach that combines intensive practice and personalized advice, we ensure that each intervention reinforces your credibility, conveys your messages clearly, and leaves a lasting impression.<\/p>\t\t\t\t\t\t\t\t<\/div>\n\t\t\t\t<\/div>\n\t\t<div class=\"elementor-element elementor-element-91995df e-con-full e-flex elementor-invisible e-con e-child\" data-id=\"91995df\" data-element_type=\"container\" data-e-type=\"container\" data-settings=\"{&quot;background_background&quot;:&quot;gradient&quot;,&quot;animation&quot;:&quot;fadeIn&quot;}\">\n\t\t\t\t<div class=\"elementor-element elementor-element-1fedb52 elementor-widget elementor-widget-image\" data-id=\"1fedb52\" data-element_type=\"widget\" data-e-type=\"widget\" data-widget_type=\"image.default\">\n\t\t\t\t\t\t\t\t\t\t\t\t\t\t\t<img loading=\"lazy\" decoding=\"async\" width=\"682\" height=\"682\" src=\"https:\/\/www.marellecommunications.com\/wp-content\/uploads\/2025\/03\/meidat.svg\" class=\"attachment-large size-large wp-image-1660\" alt=\"\" \/>\t\t\t\t\t\t\t\t\t\t\t\t\t\t\t<\/div>\n\t\t\t\t<div class=\"elementor-element elementor-element-201b135 elementor-widget elementor-widget-heading\" data-id=\"201b135\" data-element_type=\"widget\" data-e-type=\"widget\" data-widget_type=\"heading.default\">\n\t\t\t\t\t<h2 class=\"elementor-heading-title elementor-size-default\">Media Training<\/h2>\t\t\t\t<\/div>\n\t\t\t\t<div class=\"elementor-element elementor-element-ad549f2 elementor-widget elementor-widget-text-editor\" data-id=\"ad549f2\" data-element_type=\"widget\" data-e-type=\"widget\" data-widget_type=\"text-editor.default\">\n\t\t\t\t\t\t\t\t\t<p class=\"translation-block\">Our media training service prepares spokespersons and representatives of organizations to communicate with confidence and impact during interviews, press conferences, or public speaking engagements. We offer customized sessions to develop your key messages, improve your verbal and nonverbal language, and effectively manage sensitive questions. Through an approach that combines intensive practice and personalized advice, we ensure that each intervention reinforces your credibility, conveys your messages clearly, and leaves a lasting impression.<\/p>\t\t\t\t\t\t\t\t<\/div>\n\t\t\t\t<\/div>\n\t\t<div class=\"elementor-element elementor-element-0b1e981 e-con-full e-flex elementor-invisible e-con e-child\" data-id=\"0b1e981\" data-element_type=\"container\" data-e-type=\"container\" data-settings=\"{&quot;background_background&quot;:&quot;gradient&quot;,&quot;animation&quot;:&quot;fadeIn&quot;}\">\n\t\t\t\t<div class=\"elementor-element elementor-element-fba4c0b elementor-widget elementor-widget-image\" data-id=\"fba4c0b\" data-element_type=\"widget\" data-e-type=\"widget\" data-widget_type=\"image.default\">\n\t\t\t\t\t\t\t\t\t\t\t\t\t\t\t<img loading=\"lazy\" decoding=\"async\" width=\"512\" height=\"512\" src=\"https:\/\/www.marellecommunications.com\/wp-content\/uploads\/2025\/03\/crisi-icon.svg\" class=\"attachment-large size-large wp-image-1661\" alt=\"\" \/>\t\t\t\t\t\t\t\t\t\t\t\t\t\t\t<\/div>\n\t\t\t\t<div class=\"elementor-element elementor-element-138887c elementor-widget elementor-widget-heading\" data-id=\"138887c\" data-element_type=\"widget\" data-e-type=\"widget\" data-widget_type=\"heading.default\">\n\t\t\t\t\t<h2 class=\"elementor-heading-title elementor-size-default\">Crisis Management<\/h2>\t\t\t\t<\/div>\n\t\t\t\t<div class=\"elementor-element elementor-element-aab6aa8 elementor-widget elementor-widget-text-editor\" data-id=\"aab6aa8\" data-element_type=\"widget\" data-e-type=\"widget\" data-widget_type=\"text-editor.default\">\n\t\t\t\t\t\t\t\t\t<p class=\"translation-block\">We offer a <strong>crisis management<\/strong> service designed to protect and preserve your reputation in turbulent times. We anticipate risks, develop responsive communication strategies, and support our customers in managing sensitive situations. Whether responding to a media crisis, mitigating a controversy or rebuilding public trust, our team of experts ensures that every message is mastered, and every action is strategic. We help you get through crises with transparency, speed and professionalism.<\/p>\t\t\t\t\t\t\t\t<\/div>\n\t\t\t\t<\/div>\n\t\t\t\t<\/div>\n\t\t\t\t<\/div>\n\t\t\t\t<\/div>\n\t\t\t\t\t<\/div>\n\t\t\t\t<\/div>\n\t\t\t\t<\/div>","protected":false},"excerpt":{"rendered":"<p>Des solutions sur mesure Nos services Marelle Communications propose des solutions personnalis\u00e9es pour amplifier votre message et \u00e9tablir un lien avec votre public. Que vous ayez besoin de relations m\u00e9dias, de marketing d\u2019influence de campagnes sur les r\u00e9seaux sociaux, d&rsquo;\u00e9v\u00e9nements promotionnels, de gestion de crise ou du soutien d\u2019un porte-parole, nous vous aidons \u00e0 raconter [&hellip;]<\/p>\n","protected":false},"author":1,"featured_media":0,"parent":0,"menu_order":0,"comment_status":"closed","ping_status":"closed","template":"elementor_header_footer","meta":{"_acf_changed":false,"footnotes":""},"class_list":["post-31","page","type-page","status-publish","hentry"],"acf":[],"_links":{"self":[{"href":"https:\/\/www.marellecommunications.com\/en\/wp-json\/wp\/v2\/pages\/31","targetHints":{"allow":["GET"]}}],"collection":[{"href":"https:\/\/www.marellecommunications.com\/en\/wp-json\/wp\/v2\/pages"}],"about":[{"href":"https:\/\/www.marellecommunications.com\/en\/wp-json\/wp\/v2\/types\/page"}],"author":[{"embeddable":true,"href":"https:\/\/www.marellecommunications.com\/en\/wp-json\/wp\/v2\/users\/1"}],"replies":[{"embeddable":true,"href":"https:\/\/www.marellecommunications.com\/en\/wp-json\/wp\/v2\/comments?post=31"}],"version-history":[{"count":194,"href":"https:\/\/www.marellecommunications.com\/en\/wp-json\/wp\/v2\/pages\/31\/revisions"}],"predecessor-version":[{"id":3088,"href":"https:\/\/www.marellecommunications.com\/en\/wp-json\/wp\/v2\/pages\/31\/revisions\/3088"}],"wp:attachment":[{"href":"https:\/\/www.marellecommunications.com\/en\/wp-json\/wp\/v2\/media?parent=31"}],"curies":[{"name":"wp","href":"https:\/\/api.w.org\/{rel}","templated":true}]}}