{"id":40,"date":"2024-11-13T13:36:26","date_gmt":"2024-11-13T13:36:26","guid":{"rendered":"https:\/\/www.marellecommunications.com\/?page_id=40"},"modified":"2025-05-26T10:33:35","modified_gmt":"2025-05-26T14:33:35","slug":"carriere","status":"publish","type":"page","link":"https:\/\/www.marellecommunications.com\/en\/carriere\/","title":{"rendered":"Careers"},"content":{"rendered":"\t\t<div data-elementor-type=\"wp-page\" data-elementor-id=\"40\" class=\"elementor elementor-40\" data-elementor-post-type=\"page\">\n\t\t\t\t<div class=\"elementor-element elementor-element-60868c5 e-flex e-con-boxed e-con e-parent\" data-id=\"60868c5\" data-element_type=\"container\" data-e-type=\"container\" data-settings=\"{&quot;background_background&quot;:&quot;classic&quot;}\">\n\t\t\t\t\t<div class=\"e-con-inner\">\n\t\t\t\t<div class=\"elementor-element elementor-element-d3877a2 elementor-widget elementor-widget-heading\" data-id=\"d3877a2\" data-element_type=\"widget\" data-e-type=\"widget\" data-widget_type=\"heading.default\">\n\t\t\t\t\t<h2 class=\"elementor-heading-title elementor-size-default\">Montr\u00e9al et au-del\u00e0<\/h2>\t\t\t\t<\/div>\n\t\t\t\t<div class=\"elementor-element elementor-element-2c283b0 elementor-widget elementor-widget-heading\" data-id=\"2c283b0\" data-element_type=\"widget\" data-e-type=\"widget\" data-widget_type=\"heading.default\">\n\t\t\t\t\t<h1 class=\"elementor-heading-title elementor-size-default\">Rejoignez-nous<\/h1>\t\t\t\t<\/div>\n\t\t\t\t<div class=\"elementor-element elementor-element-ab8dd18 elementor-grid-3 elementor-grid-tablet-2 elementor-grid-mobile-1 elementor-widget elementor-widget-loop-grid\" data-id=\"ab8dd18\" data-element_type=\"widget\" data-e-type=\"widget\" data-settings=\"{&quot;template_id&quot;:&quot;2661&quot;,&quot;_animation&quot;:&quot;none&quot;,&quot;columns&quot;:3,&quot;_skin&quot;:&quot;post&quot;,&quot;columns_tablet&quot;:&quot;2&quot;,&quot;columns_mobile&quot;:&quot;1&quot;,&quot;edit_handle_selector&quot;:&quot;[data-elementor-type=\\&quot;loop-item\\&quot;]&quot;,&quot;row_gap&quot;:{&quot;unit&quot;:&quot;px&quot;,&quot;size&quot;:&quot;&quot;,&quot;sizes&quot;:[]},&quot;row_gap_tablet&quot;:{&quot;unit&quot;:&quot;px&quot;,&quot;size&quot;:&quot;&quot;,&quot;sizes&quot;:[]},&quot;row_gap_mobile&quot;:{&quot;unit&quot;:&quot;px&quot;,&quot;size&quot;:&quot;&quot;,&quot;sizes&quot;:[]}}\" data-widget_type=\"loop-grid.post\">\n\t\t\t\t<div class=\"elementor-widget-container\">\n\t\t\t\t\t\t\t<div class=\"elementor-loop-container elementor-grid\" role=\"list\">\n\t\t<style id=\"loop-2661\">.elementor-2661 .elementor-element.elementor-element-0e65ad3{--display:flex;--flex-direction:column;--container-widget-width:calc( ( 1 - var( --container-widget-flex-grow ) ) * 100% );--container-widget-height:initial;--container-widget-flex-grow:0;--container-widget-align-self:initial;--flex-wrap-mobile:wrap;--justify-content:flex-start;--align-items:center;--border-radius:30px 30px 30px 30px;box-shadow:0px 0px 15px 5px rgba(229.5, 229.5, 229.5, 0.5);--padding-top:40px;--padding-bottom:40px;--padding-left:40px;--padding-right:40px;}.elementor-2661 .elementor-element.elementor-element-0e65ad3:not(.elementor-motion-effects-element-type-background), .elementor-2661 .elementor-element.elementor-element-0e65ad3 > .elementor-motion-effects-container > .elementor-motion-effects-layer{background-color:var( --e-global-color-5b45ec8 );}.elementor-widget-heading .elementor-heading-title{font-family:var( --e-global-typography-primary-font-family ), Sans-serif;font-weight:var( --e-global-typography-primary-font-weight );color:var( --e-global-color-primary );}.elementor-2661 .elementor-element.elementor-element-fe98533 .elementor-heading-title{font-family:\"calibri\", Sans-serif;font-size:23px;font-weight:600;color:var( --e-global-color-2975406 );}.elementor-2661 .elementor-element.elementor-element-fe98533{margin:0px 0px calc(var(--kit-widget-spacing, 0px) + 0px) 0px;}.elementor-widget-text-editor{font-family:var( --e-global-typography-text-font-family ), Sans-serif;font-weight:var( --e-global-typography-text-font-weight );color:var( --e-global-color-text );}.elementor-widget-text-editor.elementor-drop-cap-view-stacked .elementor-drop-cap{background-color:var( --e-global-color-primary );}.elementor-widget-text-editor.elementor-drop-cap-view-framed .elementor-drop-cap, .elementor-widget-text-editor.elementor-drop-cap-view-default .elementor-drop-cap{color:var( --e-global-color-primary );border-color:var( --e-global-color-primary );}.elementor-2661 .elementor-element.elementor-element-57685d4{columns:1;text-align:center;font-family:\"calibri\", Sans-serif;font-size:15px;font-weight:400;color:var( --e-global-color-2975406 );}.elementor-widget-divider{--divider-color:var( --e-global-color-secondary );}.elementor-widget-divider .elementor-divider__text{color:var( --e-global-color-secondary );font-family:var( --e-global-typography-secondary-font-family ), Sans-serif;font-weight:var( --e-global-typography-secondary-font-weight );}.elementor-widget-divider.elementor-view-stacked .elementor-icon{background-color:var( --e-global-color-secondary );}.elementor-widget-divider.elementor-view-framed .elementor-icon, .elementor-widget-divider.elementor-view-default .elementor-icon{color:var( --e-global-color-secondary );border-color:var( --e-global-color-secondary );}.elementor-widget-divider.elementor-view-framed .elementor-icon, .elementor-widget-divider.elementor-view-default .elementor-icon svg{fill:var( --e-global-color-secondary );}.elementor-2661 .elementor-element.elementor-element-d594c2f{--divider-border-style:solid;--divider-color:#000;--divider-border-width:1px;}.elementor-2661 .elementor-element.elementor-element-d594c2f .elementor-divider-separator{width:100%;}.elementor-2661 .elementor-element.elementor-element-d594c2f .elementor-divider{padding-block-start:2px;padding-block-end:2px;}.elementor-2661 .elementor-element.elementor-element-fce1baf{text-align:center;font-family:\"calibri\", Sans-serif;font-weight:400;color:var( --e-global-color-2975406 );}.elementor-2661 .elementor-element.elementor-element-fce1baf.elementor-element{--flex-grow:1;--flex-shrink:0;}.elementor-widget-icon-box.elementor-view-stacked .elementor-icon{background-color:var( --e-global-color-primary );}.elementor-widget-icon-box.elementor-view-framed .elementor-icon, .elementor-widget-icon-box.elementor-view-default .elementor-icon{fill:var( --e-global-color-primary );color:var( --e-global-color-primary );border-color:var( --e-global-color-primary );}.elementor-widget-icon-box .elementor-icon-box-title, .elementor-widget-icon-box .elementor-icon-box-title a{font-family:var( --e-global-typography-primary-font-family ), Sans-serif;font-weight:var( --e-global-typography-primary-font-weight );}.elementor-widget-icon-box .elementor-icon-box-title{color:var( --e-global-color-primary );}.elementor-widget-icon-box:has(:hover) .elementor-icon-box-title,\n\t\t\t\t\t .elementor-widget-icon-box:has(:focus) .elementor-icon-box-title{color:var( --e-global-color-primary );}.elementor-widget-icon-box .elementor-icon-box-description{font-family:var( --e-global-typography-text-font-family ), Sans-serif;font-weight:var( --e-global-typography-text-font-weight );color:var( --e-global-color-text );}.elementor-2661 .elementor-element.elementor-element-d8eb07e .elementor-icon-box-wrapper{text-align:center;}.elementor-2661 .elementor-element.elementor-element-d8eb07e .elementor-icon-box-title{margin-block-end:0px;color:var( --e-global-color-5b45ec8 );}.elementor-2661 .elementor-element.elementor-element-d8eb07e .elementor-icon-box-title, .elementor-2661 .elementor-element.elementor-element-d8eb07e .elementor-icon-box-title a{font-family:\"calibri\", Sans-serif;font-size:20px;font-weight:400;}.elementor-2661 .elementor-element.elementor-element-d8eb07e{margin:0px 0px calc(var(--kit-widget-spacing, 0px) + 0px) 0px;padding:5px 45px 7px 45px;background-color:var( --e-global-color-2975406 );border-radius:99px 99px 99px 99px;}.elementor-2661 .elementor-element.elementor-element-d8eb07e:hover{--e-transform-scale:1.1;background-color:var( --e-global-color-1d083c6 );}.elementor-2661 .elementor-element.elementor-element-6943634 .elementor-icon-box-wrapper{text-align:center;}.elementor-2661 .elementor-element.elementor-element-6943634 .elementor-icon-box-title{margin-block-end:0px;color:var( --e-global-color-5b45ec8 );}.elementor-2661 .elementor-element.elementor-element-6943634 .elementor-icon-box-title, .elementor-2661 .elementor-element.elementor-element-6943634 .elementor-icon-box-title a{font-family:\"calibri\", Sans-serif;font-size:20px;font-weight:400;}.elementor-2661 .elementor-element.elementor-element-6943634{margin:0px 0px calc(var(--kit-widget-spacing, 0px) + 0px) 0px;padding:5px 45px 7px 45px;background-color:var( --e-global-color-2975406 );border-radius:99px 99px 99px 99px;}.elementor-2661 .elementor-element.elementor-element-6943634:hover{--e-transform-scale:1.1;background-color:var( --e-global-color-1d083c6 );}@media(max-width:1024px){.elementor-2661 .elementor-element.elementor-element-d8eb07e{padding:5px 45px 5px 45px;}.elementor-2661 .elementor-element.elementor-element-6943634{padding:5px 45px 5px 45px;}}@media(min-width:768px){.elementor-2661 .elementor-element.elementor-element-0e65ad3{--width:100%;}}@media(max-width:767px){.elementor-2661 .elementor-element.elementor-element-d8eb07e .elementor-icon-box-wrapper{text-align:center;}.elementor-2661 .elementor-element.elementor-element-d8eb07e .elementor-icon-box-title{margin-block-end:0px;}.elementor-2661 .elementor-element.elementor-element-d8eb07e{padding:5px 45px 5px 45px;}.elementor-2661 .elementor-element.elementor-element-6943634 .elementor-icon-box-wrapper{text-align:center;}.elementor-2661 .elementor-element.elementor-element-6943634 .elementor-icon-box-title{margin-block-end:0px;}.elementor-2661 .elementor-element.elementor-element-6943634{padding:5px 45px 5px 45px;}}<\/style>\t\t<div data-elementor-type=\"loop-item\" data-elementor-id=\"2661\" class=\"elementor elementor-2661 e-loop-item e-loop-item-3173 post-3173 careers type-careers status-publish hentry\" data-elementor-post-type=\"elementor_library\" data-custom-edit-handle=\"1\">\n\t\t\t<div class=\"elementor-element elementor-element-0e65ad3 e-con-full e-flex elementor-invisible e-con e-child\" data-id=\"0e65ad3\" data-element_type=\"container\" data-e-type=\"container\" data-settings=\"{&quot;background_background&quot;:&quot;classic&quot;,&quot;animation&quot;:&quot;fadeIn&quot;}\">\n\t\t\t\t<div class=\"elementor-element elementor-element-fe98533 elementor-widget elementor-widget-heading\" data-id=\"fe98533\" data-element_type=\"widget\" data-e-type=\"widget\" data-widget_type=\"heading.default\">\n\t\t\t\t\t<h2 class=\"elementor-heading-title elementor-size-default\">Directeur\u00b7rice, communications et relations publiques\n<\/h2>\t\t\t\t<\/div>\n\t\t\t\t<div class=\"elementor-element elementor-element-57685d4 careerkey elementor-widget elementor-widget-text-editor\" data-id=\"57685d4\" data-element_type=\"widget\" data-e-type=\"widget\" data-widget_type=\"text-editor.default\">\n\t\t\t\t\t\t\t\t\t<h5>Rejoins l\u2019aventure !<\/h5>\t\t\t\t\t\t\t\t<\/div>\n\t\t\t\t<div class=\"elementor-element elementor-element-d594c2f elementor-widget-divider--view-line elementor-widget elementor-widget-divider\" data-id=\"d594c2f\" data-element_type=\"widget\" data-e-type=\"widget\" data-widget_type=\"divider.default\">\n\t\t\t\t\t\t\t<div class=\"elementor-divider\">\n\t\t\t<span class=\"elementor-divider-separator\">\n\t\t\t\t\t\t<\/span>\n\t\t<\/div>\n\t\t\t\t\t\t<\/div>\n\t\t\t\t<div class=\"elementor-element elementor-element-fce1baf elementor-widget elementor-widget-text-editor\" data-id=\"fce1baf\" data-element_type=\"widget\" data-e-type=\"widget\" data-widget_type=\"text-editor.default\">\n\t\t\t\t\t\t\t\t\t<p><b><br \/><\/b><span style=\"font-weight: 400;\">Chez Marelle, on conna\u00eet les r\u00e8gles du jeu \u2014 et on veut jouer avec les meilleurs.<\/span><span style=\"font-weight: 400;\"><br \/><\/span><span style=\"font-weight: 400;\">On cherche \u00e0 la bonne place sur le terrain. On avance intelligemment, guid\u00e9s par une intuition arrim\u00e9e \u00e0 la planification et \u00e0 l\u2019exp\u00e9rience, pour que chaque message tombe juste et r\u00e9ponde r\u00e9ellement aux besoins de nos clients.<\/span><\/p>\t\t\t\t\t\t\t\t<\/div>\n\t\t\t\t<div class=\"elementor-element elementor-element-d8eb07e e-transform elementor-widget elementor-widget-icon-box\" data-id=\"d8eb07e\" data-element_type=\"widget\" data-e-type=\"widget\" data-settings=\"{&quot;_transform_scale_effect_hover&quot;:{&quot;unit&quot;:&quot;px&quot;,&quot;size&quot;:1.1,&quot;sizes&quot;:[]},&quot;_transform_scale_effect_hover_tablet&quot;:{&quot;unit&quot;:&quot;px&quot;,&quot;size&quot;:&quot;&quot;,&quot;sizes&quot;:[]},&quot;_transform_scale_effect_hover_mobile&quot;:{&quot;unit&quot;:&quot;px&quot;,&quot;size&quot;:&quot;&quot;,&quot;sizes&quot;:[]}}\" data-widget_type=\"icon-box.default\">\n\t\t\t\t\t\t\t<div class=\"elementor-icon-box-wrapper\">\n\n\t\t\t\n\t\t\t\t\t\t<div class=\"elementor-icon-box-content\">\n\n\t\t\t\t\t\t\t\t\t<span class=\"elementor-icon-box-title\">\n\t\t\t\t\t\t<a href=\"https:\/\/www.marellecommunications.com\/?page_id=3179&#038;preview=true\" target=\"_blank\" >\n\t\t\t\t\t\t\tVoir le poste\n\t\t\t\t\t\t<\/a>\n\t\t\t\t\t<\/span>\n\t\t\t\t\n\t\t\t\t\n\t\t\t<\/div>\n\t\t\t\n\t\t<\/div>\n\t\t\t\t\t\t<\/div>\n\t\t\t\t<div class=\"elementor-element elementor-element-6943634 e-transform elementor-widget elementor-widget-icon-box\" data-id=\"6943634\" data-element_type=\"widget\" data-e-type=\"widget\" data-settings=\"{&quot;_transform_scale_effect_hover&quot;:{&quot;unit&quot;:&quot;px&quot;,&quot;size&quot;:1.1,&quot;sizes&quot;:[]},&quot;_transform_scale_effect_hover_tablet&quot;:{&quot;unit&quot;:&quot;px&quot;,&quot;size&quot;:&quot;&quot;,&quot;sizes&quot;:[]},&quot;_transform_scale_effect_hover_mobile&quot;:{&quot;unit&quot;:&quot;px&quot;,&quot;size&quot;:&quot;&quot;,&quot;sizes&quot;:[]}}\" data-widget_type=\"icon-box.default\">\n\t\t\t\t\t\t\t<div class=\"elementor-icon-box-wrapper\">\n\n\t\t\t\n\t\t\t\t\t\t<div class=\"elementor-icon-box-content\">\n\n\t\t\t\t\t\t\t\t\t<span class=\"elementor-icon-box-title\">\n\t\t\t\t\t\t<a href=\"https:\/\/www.marellecommunications.com\/contact\/\" >\n\t\t\t\t\t\t\tAppliquer\t\t\t\t\t\t<\/a>\n\t\t\t\t\t<\/span>\n\t\t\t\t\n\t\t\t\t\n\t\t\t<\/div>\n\t\t\t\n\t\t<\/div>\n\t\t\t\t\t\t<\/div>\n\t\t\t\t<\/div>\n\t\t\t\t<\/div>\n\t\t\t\t<\/div>\n\t\t\n\t\t\t\t\t\t<\/div>\n\t\t\t\t<\/div>\n\t\t\t\t\t<\/div>\n\t\t\t\t<\/div>\n\t\t\t\t<\/div>\n\t\t","protected":false},"excerpt":{"rendered":"<p>Montreal and beyond Join us<\/p>","protected":false},"author":1,"featured_media":0,"parent":0,"menu_order":0,"comment_status":"closed","ping_status":"closed","template":"elementor_header_footer","meta":{"_acf_changed":false,"footnotes":""},"class_list":["post-40","page","type-page","status-publish","hentry"],"acf":[],"_links":{"self":[{"href":"https:\/\/www.marellecommunications.com\/en\/wp-json\/wp\/v2\/pages\/40","targetHints":{"allow":["GET"]}}],"collection":[{"href":"https:\/\/www.marellecommunications.com\/en\/wp-json\/wp\/v2\/pages"}],"about":[{"href":"https:\/\/www.marellecommunications.com\/en\/wp-json\/wp\/v2\/types\/page"}],"author":[{"embeddable":true,"href":"https:\/\/www.marellecommunications.com\/en\/wp-json\/wp\/v2\/users\/1"}],"replies":[{"embeddable":true,"href":"https:\/\/www.marellecommunications.com\/en\/wp-json\/wp\/v2\/comments?post=40"}],"version-history":[{"count":102,"href":"https:\/\/www.marellecommunications.com\/en\/wp-json\/wp\/v2\/pages\/40\/revisions"}],"predecessor-version":[{"id":3189,"href":"https:\/\/www.marellecommunications.com\/en\/wp-json\/wp\/v2\/pages\/40\/revisions\/3189"}],"wp:attachment":[{"href":"https:\/\/www.marellecommunications.com\/en\/wp-json\/wp\/v2\/media?parent=40"}],"curies":[{"name":"wp","href":"https:\/\/api.w.org\/{rel}","templated":true}]}}